{"id":14364,"date":"2018-09-06T11:25:40","date_gmt":"2018-09-06T15:25:40","guid":{"rendered":"https:\/\/solidedge.siemens.com\/resources\/tutorials\/"},"modified":"2021-05-05T10:50:56","modified_gmt":"2021-05-05T14:50:56","slug":"tutorials","status":"publish","type":"page","link":"https:\/\/solidedge.siemens.com\/cs\/resources\/tutorials\/","title":{"rendered":"Cvi\u010den&iacute;"},"content":{"rendered":"<p>[vc_row el_class=&#8220;vc-row-page-text-intro&#8220;][vc_column][vc_column_text]<\/p>\n<h1>Cvi\u010den&iacute;<\/h1>\n<p>[\/vc_column_text][vc_column_text]<!- View not found ->[\/vc_column_text][vc_column_text]<!- View not found ->[\/vc_column_text][\/vc_column][\/vc_row][vc_row full_width=&#8220;stretch_row&#8220; el_class=&#8220;footer-contact&#8220; css=&#8220;.vc_custom_1550170708528{background-color: #dedee3 !important;}&#8220;][vc_column]<div class=\"wpb_content_block wpb_content_element\"><div class=\"wpb_wrapper\"><\/div><\/div>[\/vc_column][\/vc_row]<\/p>\n","protected":false},"excerpt":{"rendered":"<p> Cvi\u010den&iacute; [\/vc_column_text][\/vc_column_text][\/vc_column_text][\/vc_column][\/vc_row][\/vc_column][\/vc_row]<\/p>\n","protected":false},"author":5,"featured_media":0,"parent":2633,"menu_order":3,"comment_status":"closed","ping_status":"open","template":"","meta":{"inline_featured_image":false},"yoast_head":"<!-- This site is optimized with the Yoast SEO plugin v18.4.1 - https:\/\/yoast.com\/wordpress\/plugins\/seo\/ -->\n<title>Cvi\u010den&iacute; | Zdroje informac\u00ed | Solid Edge<\/title>\n<meta name=\"description\" content=\"Pod\u00edvejte se, jak m\u016f\u017ee Solid Edge zlep\u0161it va\u0161e pracovn\u00ed postupy v CAD d\u00edky d\u016fkladn\u00fdm v\u00fdukov\u00fdm program\u016fm pro r\u016fzn\u00e9 obory a \u00farovn\u011b dovednost\u00ed.\" \/>\n<meta name=\"robots\" content=\"index, follow, max-snippet:-1, max-image-preview:large, max-video-preview:-1\" \/>\n<link rel=\"canonical\" href=\"https:\/\/solidedge.siemens.com\/cs\/resources\/tutorials\/\" \/>\n<meta property=\"og:locale\" content=\"cs_CZ\" \/>\n<meta property=\"og:type\" content=\"article\" \/>\n<meta property=\"og:title\" content=\"Cvi\u010den&iacute; | Zdroje informac\u00ed | Solid Edge\" \/>\n<meta property=\"og:description\" content=\"Pod\u00edvejte se, jak m\u016f\u017ee Solid Edge zlep\u0161it va\u0161e pracovn\u00ed postupy v CAD d\u00edky d\u016fkladn\u00fdm v\u00fdukov\u00fdm program\u016fm pro r\u016fzn\u00e9 obory a \u00farovn\u011b dovednost\u00ed.\" \/>\n<meta property=\"og:url\" content=\"https:\/\/solidedge.siemens.com\/cs\/resources\/tutorials\/\" \/>\n<meta property=\"og:site_name\" content=\"Solid Edge\" \/>\n<meta property=\"article:publisher\" content=\"https:\/\/www.facebook.com\/solidedge\" \/>\n<meta property=\"article:modified_time\" content=\"2021-05-05T14:50:56+00:00\" \/>\n<meta name=\"twitter:card\" content=\"summary_large_image\" \/>\n<meta name=\"twitter:site\" content=\"@siemensplm\" \/>\n<script type=\"application\/ld+json\" class=\"yoast-schema-graph\">{\"@context\":\"https:\/\/schema.org\",\"@graph\":[{\"@type\":\"Organization\",\"@id\":\"https:\/\/solidedge.siemens.com\/en\/#organization\",\"name\":\"Siemens Digital Industries Software\",\"url\":\"https:\/\/solidedge.siemens.com\/en\/\",\"sameAs\":[\"https:\/\/www.facebook.com\/solidedge\",\"https:\/\/www.instagram.com\/siemens\/\",\"https:\/\/www.linkedin.com\/company\/siemens-plm-software\",\"https:\/\/www.youtube.com\/user\/PolarionSoftware\",\"https:\/\/twitter.com\/siemensplm\"],\"logo\":{\"@type\":\"ImageObject\",\"@id\":\"https:\/\/solidedge.siemens.com\/en\/#logo\",\"inLanguage\":\"cs\",\"url\":\"https:\/\/solidedge.siemens.com\/wp-content\/uploads\/2018\/04\/logo-siemens-ifl@2x.png\",\"contentUrl\":\"https:\/\/solidedge.siemens.com\/wp-content\/uploads\/2018\/04\/logo-siemens-ifl@2x.png\",\"width\":640,\"height\":270,\"caption\":\"Siemens Digital Industries Software\"},\"image\":{\"@id\":\"https:\/\/solidedge.siemens.com\/en\/#logo\"}},{\"@type\":\"WebSite\",\"@id\":\"https:\/\/solidedge.siemens.com\/en\/#website\",\"url\":\"https:\/\/solidedge.siemens.com\/en\/\",\"name\":\"Solid Edge\",\"description\":\"Siemens Software\",\"publisher\":{\"@id\":\"https:\/\/solidedge.siemens.com\/en\/#organization\"},\"potentialAction\":[{\"@type\":\"SearchAction\",\"target\":{\"@type\":\"EntryPoint\",\"urlTemplate\":\"https:\/\/solidedge.siemens.com\/en\/?s={search_term_string}\"},\"query-input\":\"required name=search_term_string\"}],\"inLanguage\":\"cs\"},{\"@type\":\"WebPage\",\"@id\":\"https:\/\/solidedge.siemens.com\/cs\/resources\/tutorials\/#webpage\",\"url\":\"https:\/\/solidedge.siemens.com\/cs\/resources\/tutorials\/\",\"name\":\"Cvi\u010den&iacute; | Zdroje informac\u00ed | Solid Edge\",\"isPartOf\":{\"@id\":\"https:\/\/solidedge.siemens.com\/en\/#website\"},\"datePublished\":\"2018-09-06T15:25:40+00:00\",\"dateModified\":\"2021-05-05T14:50:56+00:00\",\"description\":\"Pod\u00edvejte se, jak m\u016f\u017ee Solid Edge zlep\u0161it va\u0161e pracovn\u00ed postupy v CAD d\u00edky d\u016fkladn\u00fdm v\u00fdukov\u00fdm program\u016fm pro r\u016fzn\u00e9 obory a \u00farovn\u011b dovednost\u00ed.\",\"breadcrumb\":{\"@id\":\"https:\/\/solidedge.siemens.com\/cs\/resources\/tutorials\/#breadcrumb\"},\"inLanguage\":\"cs\",\"potentialAction\":[{\"@type\":\"ReadAction\",\"target\":[\"https:\/\/solidedge.siemens.com\/cs\/resources\/tutorials\/\"]}]},{\"@type\":\"BreadcrumbList\",\"@id\":\"https:\/\/solidedge.siemens.com\/cs\/resources\/tutorials\/#breadcrumb\",\"itemListElement\":[{\"@type\":\"ListItem\",\"position\":1,\"name\":\"Home\",\"item\":\"https:\/\/solidedge.siemens.com\/en\/home-5\/\"},{\"@type\":\"ListItem\",\"position\":2,\"name\":\"Zdroje informac&iacute;\",\"item\":\"https:\/\/solidedge.siemens.com\/cs\/resources\/\"},{\"@type\":\"ListItem\",\"position\":3,\"name\":\"Cvi\u010den&iacute;\"}]}]}<\/script>\n<!-- \/ Yoast SEO plugin. -->","yoast_head_json":{"title":"Cvi\u010den&iacute; | Zdroje informac\u00ed | Solid Edge","description":"Pod\u00edvejte se, jak m\u016f\u017ee Solid Edge zlep\u0161it va\u0161e pracovn\u00ed postupy v CAD d\u00edky d\u016fkladn\u00fdm v\u00fdukov\u00fdm program\u016fm pro r\u016fzn\u00e9 obory a \u00farovn\u011b dovednost\u00ed.","robots":{"index":"index","follow":"follow","max-snippet":"max-snippet:-1","max-image-preview":"max-image-preview:large","max-video-preview":"max-video-preview:-1"},"canonical":"https:\/\/solidedge.siemens.com\/cs\/resources\/tutorials\/","og_locale":"cs_CZ","og_type":"article","og_title":"Cvi\u010den&iacute; | Zdroje informac\u00ed | Solid Edge","og_description":"Pod\u00edvejte se, jak m\u016f\u017ee Solid Edge zlep\u0161it va\u0161e pracovn\u00ed postupy v CAD d\u00edky d\u016fkladn\u00fdm v\u00fdukov\u00fdm program\u016fm pro r\u016fzn\u00e9 obory a \u00farovn\u011b dovednost\u00ed.","og_url":"https:\/\/solidedge.siemens.com\/cs\/resources\/tutorials\/","og_site_name":"Solid Edge","article_publisher":"https:\/\/www.facebook.com\/solidedge","article_modified_time":"2021-05-05T14:50:56+00:00","twitter_card":"summary_large_image","twitter_site":"@siemensplm","schema":{"@context":"https:\/\/schema.org","@graph":[{"@type":"Organization","@id":"https:\/\/solidedge.siemens.com\/en\/#organization","name":"Siemens Digital Industries Software","url":"https:\/\/solidedge.siemens.com\/en\/","sameAs":["https:\/\/www.facebook.com\/solidedge","https:\/\/www.instagram.com\/siemens\/","https:\/\/www.linkedin.com\/company\/siemens-plm-software","https:\/\/www.youtube.com\/user\/PolarionSoftware","https:\/\/twitter.com\/siemensplm"],"logo":{"@type":"ImageObject","@id":"https:\/\/solidedge.siemens.com\/en\/#logo","inLanguage":"cs","url":"https:\/\/solidedge.siemens.com\/wp-content\/uploads\/2018\/04\/logo-siemens-ifl@2x.png","contentUrl":"https:\/\/solidedge.siemens.com\/wp-content\/uploads\/2018\/04\/logo-siemens-ifl@2x.png","width":640,"height":270,"caption":"Siemens Digital Industries Software"},"image":{"@id":"https:\/\/solidedge.siemens.com\/en\/#logo"}},{"@type":"WebSite","@id":"https:\/\/solidedge.siemens.com\/en\/#website","url":"https:\/\/solidedge.siemens.com\/en\/","name":"Solid Edge","description":"Siemens Software","publisher":{"@id":"https:\/\/solidedge.siemens.com\/en\/#organization"},"potentialAction":[{"@type":"SearchAction","target":{"@type":"EntryPoint","urlTemplate":"https:\/\/solidedge.siemens.com\/en\/?s={search_term_string}"},"query-input":"required name=search_term_string"}],"inLanguage":"cs"},{"@type":"WebPage","@id":"https:\/\/solidedge.siemens.com\/cs\/resources\/tutorials\/#webpage","url":"https:\/\/solidedge.siemens.com\/cs\/resources\/tutorials\/","name":"Cvi\u010den&iacute; | Zdroje informac\u00ed | Solid Edge","isPartOf":{"@id":"https:\/\/solidedge.siemens.com\/en\/#website"},"datePublished":"2018-09-06T15:25:40+00:00","dateModified":"2021-05-05T14:50:56+00:00","description":"Pod\u00edvejte se, jak m\u016f\u017ee Solid Edge zlep\u0161it va\u0161e pracovn\u00ed postupy v CAD d\u00edky d\u016fkladn\u00fdm v\u00fdukov\u00fdm program\u016fm pro r\u016fzn\u00e9 obory a \u00farovn\u011b dovednost\u00ed.","breadcrumb":{"@id":"https:\/\/solidedge.siemens.com\/cs\/resources\/tutorials\/#breadcrumb"},"inLanguage":"cs","potentialAction":[{"@type":"ReadAction","target":["https:\/\/solidedge.siemens.com\/cs\/resources\/tutorials\/"]}]},{"@type":"BreadcrumbList","@id":"https:\/\/solidedge.siemens.com\/cs\/resources\/tutorials\/#breadcrumb","itemListElement":[{"@type":"ListItem","position":1,"name":"Home","item":"https:\/\/solidedge.siemens.com\/en\/home-5\/"},{"@type":"ListItem","position":2,"name":"Zdroje informac&iacute;","item":"https:\/\/solidedge.siemens.com\/cs\/resources\/"},{"@type":"ListItem","position":3,"name":"Cvi\u010den&iacute;"}]}]}},"_links":{"self":[{"href":"https:\/\/solidedge.siemens.com\/cs\/wp-json\/wp\/v2\/pages\/14364"}],"collection":[{"href":"https:\/\/solidedge.siemens.com\/cs\/wp-json\/wp\/v2\/pages"}],"about":[{"href":"https:\/\/solidedge.siemens.com\/cs\/wp-json\/wp\/v2\/types\/page"}],"author":[{"embeddable":true,"href":"https:\/\/solidedge.siemens.com\/cs\/wp-json\/wp\/v2\/users\/5"}],"replies":[{"embeddable":true,"href":"https:\/\/solidedge.siemens.com\/cs\/wp-json\/wp\/v2\/comments?post=14364"}],"version-history":[{"count":4,"href":"https:\/\/solidedge.siemens.com\/cs\/wp-json\/wp\/v2\/pages\/14364\/revisions"}],"predecessor-version":[{"id":37031,"href":"https:\/\/solidedge.siemens.com\/cs\/wp-json\/wp\/v2\/pages\/14364\/revisions\/37031"}],"up":[{"embeddable":true,"href":"https:\/\/solidedge.siemens.com\/cs\/wp-json\/wp\/v2\/pages\/2633"}],"wp:attachment":[{"href":"https:\/\/solidedge.siemens.com\/cs\/wp-json\/wp\/v2\/media?parent=14364"}],"curies":[{"name":"wp","href":"https:\/\/api.w.org\/{rel}","templated":true}]}}